{"id":99,"date":"2025-09-04T12:58:34","date_gmt":"2025-09-04T12:58:34","guid":{"rendered":"https:\/\/pracowniawitrazowa.pl\/wordpress\/?page_id=99"},"modified":"2025-09-30T20:12:01","modified_gmt":"2025-09-30T20:12:01","slug":"strona-glowna","status":"publish","type":"page","link":"https:\/\/pracowniawitrazowa.pl\/wordpress\/","title":{"rendered":"O Mnie"},"content":{"rendered":"\n<div class=\"wp-block-columns alignfull is-layout-flex wp-container-core-columns-is-layout-28f84493 wp-block-columns-is-layout-flex\">\n<div class=\"wp-block-column is-layout-flow wp-block-column-is-layout-flow\" style=\"flex-basis:100%\">\n<div class=\"wp-block-carousel-slider-slider\"><div class=\"carousel-slider-outer carousel-slider-outer-hero-banner-slider carousel-slider-outer-186\" style=\"--carousel-slider-nav-color:#f1f1f1;--carousel-slider-active-nav-color:rgb(0,24,66);--carousel-slider-arrow-size:48px;--carousel-slider-bullet-size:10px\">\n<div id=\"&#039;id-186\" class=\"carousel-slider carousel-slider-186 arrows-visibility-hover dots-visibility-always arrows-outside dots-center dots-circle owl-carousel\" data-slide-type=\"hero-banner-slider\" data-owl-settings='{\"nav\":true,\"dots\":true,\"slideBy\":1,\"stagePadding\":0,\"margin\":10,\"loop\":true,\"lazyLoad\":false,\"autoplay\":true,\"autoplayTimeout\":3000,\"autoplaySpeed\":1000,\"autoplayHoverPause\":true,\"autoWidth\":false,\"responsive\":{\"300\":{\"items\":1},\"576\":{\"items\":1},\"768\":{\"items\":1},\"1024\":{\"items\":1},\"1280\":{\"items\":1},\"1536\":{\"items\":1}}}' data-animation=\"fadeInDown\">\n<div class=\"carousel-slider-hero__cell hero__cell-1\" style=\"--cell-height: 800px\"><div id=\"slide-item-186-1\" class=\"carousel-slider-hero__cell__background\" style=\"background-position:center center;background-size:cover;background-image:url(https:\/\/pracowniawitrazowa.pl\/wordpress\/wp-content\/uploads\/2025\/09\/Classic-ice.png);background-color:rgba(0,0,0,0.71)\"><\/div><div class=\"carousel-slider-hero__cell__inner carousel-slider--h-position-center carousel-slider--v-position-middle carousel-slider--text-center\" style=\"padding-top:1rem;padding-right:1rem;padding-bottom:1rem;padding-left:1rem\"><div class=\"carousel-slider-hero__cell__background_overlay\" style=\"background-color: rgba(0,24,66,0.57);\"><\/div><div class=\"carousel-slider-hero__cell__content hidden\" style=\"max-width:1024px\" data-animation=\"fadeInDown\"><div class=\"carousel-slider-hero__cell__heading\" style=\"--cs-heading-font-size:70px;--cs-heading-gutter:30px;--cs-heading-color:#ffffff\">Witra\u017c Klasyczny<\/div><div class=\"carousel-slider-hero__cell__buttons\"><span class=\"carousel-slider-hero__cell__button__one\" style=\"--cs-button-bg-color:rgb(0,24,66);--cs-button-color:rgb(255,255,255);--cs-button-border-radius:50px\"><a class=\"button cs-hero-button cs-hero-button-1-1 cs-hero-button-normal cs-hero-button-large\" href=\"https:\/\/pracowniawitrazowa.pl\/wordpress\/?page_id=104#klasyczny-wit\" target=\"_self\">zobacz<\/a><\/span><\/div><\/div><\/div><\/div>\n<div class=\"carousel-slider-hero__cell hero__cell-2\" style=\"--cell-height: 800px\"><div id=\"slide-item-186-2\" class=\"carousel-slider-hero__cell__background\" style=\"background-position:center center;background-size:cover;background-image:url(https:\/\/pracowniawitrazowa.pl\/wordpress\/wp-content\/uploads\/2025\/09\/klon.ed3-kopia-scaled.png)\"><\/div><div class=\"carousel-slider-hero__cell__inner carousel-slider--h-position-center carousel-slider--v-position-middle carousel-slider--text-center\" style=\"padding-top:1rem;padding-right:1rem;padding-bottom:1rem;padding-left:1rem\"><div class=\"carousel-slider-hero__cell__background_overlay\" style=\"background-color: rgba(0,24,66,0.57);\"><\/div><div class=\"carousel-slider-hero__cell__content hidden\" style=\"max-width:1024px\" data-animation=\"fadeInDown\"><div class=\"carousel-slider-hero__cell__heading\" style=\"--cs-heading-font-size:70px;--cs-heading-gutter:30px;--cs-heading-color:#ffffff\">Witra\u017c Tiffany<\/div><div class=\"carousel-slider-hero__cell__buttons\"><span class=\"carousel-slider-hero__cell__button__one\" style=\"--cs-button-bg-color:rgb(0,24,66);--cs-button-color:rgb(255,255,255);--cs-button-border-radius:100px\"><a class=\"button cs-hero-button cs-hero-button-2-1 cs-hero-button-normal cs-hero-button-large\" href=\"https:\/\/pracowniawitrazowa.pl\/wordpress\/?page_id=104#tiffany-wit\" target=\"_self\">Zobacz<\/a><\/span><\/div><\/div><\/div><\/div>\n<div class=\"carousel-slider-hero__cell hero__cell-3\" style=\"--cell-height: 800px\"><div id=\"slide-item-186-3\" class=\"carousel-slider-hero__cell__background\" style=\"background-position:center center;background-size:cover;background-image:url(https:\/\/pracowniawitrazowa.pl\/wordpress\/wp-content\/uploads\/2025\/09\/Angels-the-seven-scaled.webp)\"><\/div><div class=\"carousel-slider-hero__cell__inner carousel-slider--h-position-center carousel-slider--v-position-middle carousel-slider--text-center\" style=\"padding-top:1rem;padding-right:1rem;padding-bottom:1rem;padding-left:1rem\"><div class=\"carousel-slider-hero__cell__background_overlay\" style=\"background-color: rgba(0,24,66,0.57);\"><\/div><div class=\"carousel-slider-hero__cell__content hidden\" style=\"max-width:1024px\" data-animation=\"fadeInDown\"><div class=\"carousel-slider-hero__cell__heading\" style=\"--cs-heading-font-size:70px;--cs-heading-gutter:30px;--cs-heading-color:#ffffff\">Anio\u0142ki<\/div><div class=\"carousel-slider-hero__cell__buttons\"><span class=\"carousel-slider-hero__cell__button__one\" style=\"--cs-button-bg-color:rgb(0,24,66);--cs-button-color:rgb(255,255,255);--cs-button-border-radius:100px\"><a class=\"button cs-hero-button cs-hero-button-3-1 cs-hero-button-normal cs-hero-button-large\" href=\"https:\/\/pracowniawitrazowa.pl\/wordpress\/?page_id=104#aniolki-wit\" target=\"_self\">Zobacz<\/a><\/span><\/div><\/div><\/div><\/div>\n<div class=\"carousel-slider-hero__cell hero__cell-4\" style=\"--cell-height: 800px\"><div id=\"slide-item-186-4\" class=\"carousel-slider-hero__cell__background\" style=\"background-position:center center;background-size:cover;background-image:url(https:\/\/pracowniawitrazowa.pl\/wordpress\/wp-content\/uploads\/2025\/09\/Lantern-compass-rose-scaled.webp)\"><\/div><div class=\"carousel-slider-hero__cell__inner carousel-slider--h-position-center carousel-slider--v-position-middle carousel-slider--text-center\" style=\"padding-top:1rem;padding-right:1rem;padding-bottom:1rem;padding-left:1rem\"><div class=\"carousel-slider-hero__cell__background_overlay\" style=\"background-color: rgba(0,24,66,0.57);\"><\/div><div class=\"carousel-slider-hero__cell__content hidden\" style=\"max-width:1024px\" data-animation=\"fadeInDown\"><div class=\"carousel-slider-hero__cell__heading\" style=\"--cs-heading-font-size:70px;--cs-heading-gutter:30px;--cs-heading-color:#ffffff\">Latarnie<\/div><div class=\"carousel-slider-hero__cell__buttons\"><span class=\"carousel-slider-hero__cell__button__one\" style=\"--cs-button-bg-color:rgb(0,24,66);--cs-button-color:rgb(255,255,255);--cs-button-border-radius:100px\"><a class=\"button cs-hero-button cs-hero-button-4-1 cs-hero-button-normal cs-hero-button-large\" href=\"https:\/\/pracowniawitrazowa.pl\/wordpress\/?page_id=104#latarnie-wit\" target=\"_self\">Zobacz<\/a><\/span><\/div><\/div><\/div><\/div>\n<div class=\"carousel-slider-hero__cell hero__cell-5\" style=\"--cell-height: 800px\"><div id=\"slide-item-186-5\" class=\"carousel-slider-hero__cell__background\" style=\"background-position:center center;background-size:cover;background-image:url(https:\/\/pracowniawitrazowa.pl\/wordpress\/wp-content\/uploads\/2025\/09\/IMG_3803-scaled.webp);background-color:rgba(0,0,0,0.6)\"><\/div><div class=\"carousel-slider-hero__cell__inner carousel-slider--h-position-center carousel-slider--v-position-middle carousel-slider--text-center\" style=\"padding-top:1rem;padding-right:1rem;padding-bottom:1rem;padding-left:1rem\"><div class=\"carousel-slider-hero__cell__background_overlay\" style=\"background-color: rgba(0,24,66,0.57);\"><\/div><div class=\"carousel-slider-hero__cell__content hidden\" style=\"max-width:1024px\" data-animation=\"fadeInDown\"><div class=\"carousel-slider-hero__cell__heading\" style=\"--cs-heading-font-size:70px;--cs-heading-gutter:30px;--cs-heading-color:#ffffff\">Malarstwo<\/div><div class=\"carousel-slider-hero__cell__buttons\"><span class=\"carousel-slider-hero__cell__button__one\" style=\"--cs-button-bg-color:rgb(0,24,66);--cs-button-color:rgb(255,255,255);--cs-button-border-radius:100px\"><a class=\"button cs-hero-button cs-hero-button-5-1 cs-hero-button-normal cs-hero-button-large\" href=\"https:\/\/pracowniawitrazowa.pl\/wordpress\/?page_id=111\" target=\"_self\">Zobacz<\/a><\/span><\/div><\/div><\/div><\/div>\n<\/div><!-- .carousel-slider-186 -->\n<\/div><!-- .carousel-slider-outer-186 -->\n<\/div>\n<\/div>\n<\/div>\n\n\n\n<div style=\"height:75px\" aria-hidden=\"true\" class=\"wp-block-spacer\"><\/div>\n\n\n\n<figure class=\"wp-block-image alignfull size-full\"><img loading=\"lazy\" decoding=\"async\" width=\"18745\" height=\"1671\" src=\"https:\/\/pracowniawitrazowa.pl\/wordpress\/wp-content\/uploads\/2025\/09\/separator-2.png\" alt=\"\" class=\"wp-image-440\"\/><\/figure>\n\n\n\n<div class=\"wp-block-media-text alignwide is-stacked-on-mobile is-vertically-aligned-center is-image-fill-element\"><figure class=\"wp-block-media-text__media\"><img loading=\"lazy\" decoding=\"async\" width=\"2560\" height=\"1687\" src=\"https:\/\/pracowniawitrazowa.pl\/wordpress\/wp-content\/uploads\/2025\/09\/IMG_1130-scaled.webp\" alt=\"\" class=\"wp-image-250 size-full\" style=\"object-position:11% 50%\" srcset=\"https:\/\/pracowniawitrazowa.pl\/wordpress\/wp-content\/uploads\/2025\/09\/IMG_1130-scaled.webp 2560w, https:\/\/pracowniawitrazowa.pl\/wordpress\/wp-content\/uploads\/2025\/09\/IMG_1130-300x198.webp 300w, https:\/\/pracowniawitrazowa.pl\/wordpress\/wp-content\/uploads\/2025\/09\/IMG_1130-1024x675.webp 1024w, https:\/\/pracowniawitrazowa.pl\/wordpress\/wp-content\/uploads\/2025\/09\/IMG_1130-768x506.webp 768w, https:\/\/pracowniawitrazowa.pl\/wordpress\/wp-content\/uploads\/2025\/09\/IMG_1130-1536x1012.webp 1536w, https:\/\/pracowniawitrazowa.pl\/wordpress\/wp-content\/uploads\/2025\/09\/IMG_1130-2048x1349.webp 2048w\" sizes=\"auto, (max-width: 2560px) 100vw, 2560px\" \/><\/figure><div class=\"wp-block-media-text__content\"><h2 class=\"wp-block-post-title\">O Mnie<\/h2>\n\n\n<p>Nazywam si\u0119 Anna \u015awiat i od wielu lat prowadz\u0119 Pracowni\u0119 Witra\u017cow\u0105, w kt\u00f3rej realizuj\u0119 projekty w zakresie witra\u017cu klasycznego, witra\u017cu Tiffany\u2019ego oraz fusingu. S\u0105 to projekty b\u0119d\u0105ce konsekwencj\u0105 moich poszukiwa\u0144 artystycznych oraz projekty odpowiadaj\u0105ce na potrzeby klient\u00f3w, kt\u00f3rzy poszukuj\u0105 indywidualnych rozwi\u0105za\u0144 przy aran\u017cacji swoich wn\u0119trz. Wiedza i do\u015bwiadczenie zdobyte na Akademii Sztuk Pi\u0119knych im. Eugeniusza Gepperta we Wroc\u0142awiu, oraz w trakcie wieloletniej pracy ze szk\u0142em, daj\u0105 mi narz\u0119dzia do realizacji tych projekt\u00f3w.<\/p>\n\n\n\n<p>Szk\u0142o jako medium inspiruje mnie r\u00f3wnie\u017c do poszukiwa\u0144 nowych jego form, cz\u0119sto w po\u0142\u0105czeniu z innymi materia\u0142ami takimi jak drewno czy metal.&nbsp;<\/p>\n\n\n\n<p>Z wielk\u0105 przyjemno\u015bci\u0105 podejmuj\u0119 wsp\u00f3\u0142prac\u0119, kt\u00f3ra inspiruje i motywuje do tw\u00f3rczych poszukiwa\u0144.<\/p>\n<\/div><\/div>\n\n\n\n<hr class=\"wp-block-separator alignfull has-alpha-channel-opacity is-style-default\"\/>\n\n\n\n<div style=\"height:100px\" aria-hidden=\"true\" class=\"wp-block-spacer\"><\/div>\n\n\n\n<figure class=\"wp-block-image alignwide size-full has-custom-border is-style-default wp-duotone-unset-1\"><img loading=\"lazy\" decoding=\"async\" width=\"960\" height=\"540\" src=\"https:\/\/pracowniawitrazowa.pl\/wordpress\/wp-content\/uploads\/2025\/09\/Untitled-1-gif_witraz.gif\" alt=\"\" class=\"wp-image-281\" style=\"border-style:none;border-width:0px;border-radius:0px\"\/><\/figure>\n","protected":false},"excerpt":{"rendered":"","protected":false},"author":2,"featured_media":0,"parent":0,"menu_order":0,"comment_status":"closed","ping_status":"closed","template":"page-no-title","meta":{"footnotes":""},"class_list":["post-99","page","type-page","status-publish","hentry"],"_links":{"self":[{"href":"https:\/\/pracowniawitrazowa.pl\/wordpress\/index.php?rest_route=\/wp\/v2\/pages\/99","targetHints":{"allow":["GET"]}}],"collection":[{"href":"https:\/\/pracowniawitrazowa.pl\/wordpress\/index.php?rest_route=\/wp\/v2\/pages"}],"about":[{"href":"https:\/\/pracowniawitrazowa.pl\/wordpress\/index.php?rest_route=\/wp\/v2\/types\/page"}],"author":[{"embeddable":true,"href":"https:\/\/pracowniawitrazowa.pl\/wordpress\/index.php?rest_route=\/wp\/v2\/users\/2"}],"replies":[{"embeddable":true,"href":"https:\/\/pracowniawitrazowa.pl\/wordpress\/index.php?rest_route=%2Fwp%2Fv2%2Fcomments&post=99"}],"version-history":[{"count":26,"href":"https:\/\/pracowniawitrazowa.pl\/wordpress\/index.php?rest_route=\/wp\/v2\/pages\/99\/revisions"}],"predecessor-version":[{"id":441,"href":"https:\/\/pracowniawitrazowa.pl\/wordpress\/index.php?rest_route=\/wp\/v2\/pages\/99\/revisions\/441"}],"wp:attachment":[{"href":"https:\/\/pracowniawitrazowa.pl\/wordpress\/index.php?rest_route=%2Fwp%2Fv2%2Fmedia&parent=99"}],"curies":[{"name":"wp","href":"https:\/\/api.w.org\/{rel}","templated":true}]}}